{"id":2,"date":"2023-04-02T17:17:48","date_gmt":"2023-04-02T17:17:48","guid":{"rendered":"http:\/\/det-leipzig.de\/?page_id=2"},"modified":"2023-04-03T15:57:00","modified_gmt":"2023-04-03T14:57:00","slug":"sample-page","status":"publish","type":"page","link":"https:\/\/det-leipzig.de\/","title":{"rendered":"Willkommen"},"content":{"rendered":"\n<p style=\"font-size:40px\"><strong>Willkommen auf DET-Leipzig<\/strong><\/p>\n\n\n\n<p>Wir sind ein kompetenter und erfahrener Allround-Dienstleister in Leipzig.<br>Mit \u00fcber 10 Jahren Erfahrung, blicken wir auf eine erfolgreiche Geschichte zur\u00fcck.<br>Wir haben uns auf Entr\u00fcmpelung und Instandsetzungsma\u00dfnahmen, also den Werterhalt Ihrer Immobilie, spezialisiert.<\/p>\n\n\n\n<hr class=\"wp-block-separator has-alpha-channel-opacity\"\/>\n\n\n\n<p>Jeder Kunde, jedes Objekt und jedes Vorhaben ist einzigartig. Daher ist ein pers\u00f6nlicher Kundenkontakt sehr wichtig. Nur so ist sichergestellt, dass wir Ihre W\u00fcnsche kennen. Mit unserer kreativen individuellen Beratung zeigen wir Ihnen, welches Potential in Ihrem Objekt steckt. Gemeinsam finden wir den richtigen Weg, um Ihre Tr\u00e4ume wahr werden zu lassen.<\/p>\n\n\n\n<hr class=\"wp-block-separator has-alpha-channel-opacity\"\/>\n\n\n\n<p class=\"has-text-align-center\" style=\"font-size:34px\">Was k\u00f6nnen wir ?<\/p>\n\n\n\n<p class=\"has-text-align-center\">Ein kleiner Auszug unserer Leistung.<\/p>\n\n\n\n<div class=\"wp-block-columns is-layout-flex wp-container-core-columns-is-layout-9d6595d7 wp-block-columns-is-layout-flex\">\n<div class=\"wp-block-column is-layout-flow wp-block-column-is-layout-flow\"><div class=\"wp-block-image is-style-default\">\n<figure class=\"aligncenter size-large is-resized\"><a href=\"https:\/\/det-leipzig.de\/?page_id=55\"><img loading=\"lazy\" decoding=\"async\" src=\"https:\/\/det-leipzig.de\/wp-content\/uploads\/2023\/04\/Son_022-1024x764.png\" alt=\"\" class=\"wp-image-35\" width=\"225\" height=\"169\" srcset=\"https:\/\/det-leipzig.de\/wp-content\/uploads\/2023\/04\/Son_022-1024x764.png 1024w, https:\/\/det-leipzig.de\/wp-content\/uploads\/2023\/04\/Son_022-300x224.png 300w, https:\/\/det-leipzig.de\/wp-content\/uploads\/2023\/04\/Son_022-768x573.png 768w, https:\/\/det-leipzig.de\/wp-content\/uploads\/2023\/04\/Son_022.png 1300w\" sizes=\"auto, (max-width: 225px) 100vw, 225px\" \/><\/a><figcaption class=\"wp-element-caption\">Ber\u00e4umung<\/figcaption><\/figure>\n<\/div>\n\n\n<p>Frisch getrennt, das &#8222;alte Zeug&#8220; muss weg? Die Hinterlassenschaft der Oma l\u00e4sst euch graue Haare wachsen? Deine Immobilie gleicht einer M\u00fclldeponie?<\/p>\n<\/div>\n\n\n\n<div class=\"wp-block-column is-layout-flow wp-block-column-is-layout-flow\"><div class=\"wp-block-image is-style-default\">\n<figure class=\"aligncenter size-full is-resized\"><a href=\"https:\/\/det-leipzig.de\/?page_id=58\"><img loading=\"lazy\" decoding=\"async\" src=\"https:\/\/projekt.det-leipzig.de\/wp-content\/uploads\/2023\/02\/Fussboden.png\" alt=\"\" class=\"wp-image-20\" width=\"225\" height=\"169\"\/><\/a><figcaption class=\"wp-element-caption\">Fussb\u00f6den<\/figcaption><\/figure>\n<\/div>\n\n\n<p>Fussb\u00f6den bringen dein Herz zum leuchten. Mit unseren Fussb\u00f6den erleuchten wir dein Herz. Mit viel Liebe, Leidenschaft und Engagement zaubern wir dir ein L\u00e4cheln ins Gesicht.<\/p>\n<\/div>\n\n\n\n<div class=\"wp-block-column is-layout-flow wp-block-column-is-layout-flow\"><div class=\"wp-block-image is-style-default\">\n<figure class=\"aligncenter size-medium is-resized\"><a href=\"https:\/\/det-leipzig.de\/?page_id=61\"><img loading=\"lazy\" decoding=\"async\" src=\"https:\/\/projekt.det-leipzig.de\/wp-content\/uploads\/2023\/02\/Kuechenachmass-300x224.png\" alt=\"\" class=\"wp-image-22\" width=\"225\" height=\"168\"\/><\/a><figcaption class=\"wp-element-caption\">Sonstiges<\/figcaption><\/figure>\n<\/div>\n\n\n<p>Auch Sonderw\u00fcnsche erf\u00fcllen wir gerne, da wir uns als Allround-Handwerker verstehen. Malerarbeiten, Fliesenarbeiten sowie Kleinreparaturen \u00fcbernehmen wir gerne. <\/p>\n<\/div>\n<\/div>\n","protected":false},"excerpt":{"rendered":"<p>Willkommen auf DET-Leipzig Wir sind ein kompetenter und erfahrener Allround-Dienstleister in Leipzig.Mit \u00fcber 10 Jahren Erfahrung, blicken wir auf eine [&hellip;]<\/p>\n","protected":false},"author":1,"featured_media":0,"parent":0,"menu_order":0,"comment_status":"closed","ping_status":"open","template":"","meta":{"footnotes":""},"class_list":["post-2","page","type-page","status-publish","hentry"],"_links":{"self":[{"href":"https:\/\/det-leipzig.de\/index.php?rest_route=\/wp\/v2\/pages\/2","targetHints":{"allow":["GET"]}}],"collection":[{"href":"https:\/\/det-leipzig.de\/index.php?rest_route=\/wp\/v2\/pages"}],"about":[{"href":"https:\/\/det-leipzig.de\/index.php?rest_route=\/wp\/v2\/types\/page"}],"author":[{"embeddable":true,"href":"https:\/\/det-leipzig.de\/index.php?rest_route=\/wp\/v2\/users\/1"}],"replies":[{"embeddable":true,"href":"https:\/\/det-leipzig.de\/index.php?rest_route=%2Fwp%2Fv2%2Fcomments&post=2"}],"version-history":[{"count":9,"href":"https:\/\/det-leipzig.de\/index.php?rest_route=\/wp\/v2\/pages\/2\/revisions"}],"predecessor-version":[{"id":110,"href":"https:\/\/det-leipzig.de\/index.php?rest_route=\/wp\/v2\/pages\/2\/revisions\/110"}],"wp:attachment":[{"href":"https:\/\/det-leipzig.de\/index.php?rest_route=%2Fwp%2Fv2%2Fmedia&parent=2"}],"curies":[{"name":"wp","href":"https:\/\/api.w.org\/{rel}","templated":true}]}}