{"id":51,"date":"2023-04-03T13:13:17","date_gmt":"2023-04-03T13:13:17","guid":{"rendered":"https:\/\/det-leipzig.de\/?page_id=51"},"modified":"2023-04-03T15:53:16","modified_gmt":"2023-04-03T14:53:16","slug":"ueber-uns","status":"publish","type":"page","link":"https:\/\/det-leipzig.de\/?page_id=51","title":{"rendered":"\u00dcber uns"},"content":{"rendered":"\n<p style=\"font-size:34px\"><strong>\u00dcber uns<\/strong><\/p>\n\n\n\n<p>Wir sind ein kompetenter und erfahrener Allround-Dienstleister in Leipzig.<\/p>\n\n\n\n<p>Mit \u00fcber 10 Jahren Erfahrung, blicken wir auf eine erfolgreiche Geschichte zur\u00fcck.<br>Wir haben uns auf die Ber\u00e4umung von Wohnungen, Zimmern, Keller bzw. Grundst\u00fccken spezialisiert. Daneben haben wir uns auf Instandsetzung von Wohnungen spezialisiert. <br>Was verstehen wir darunter?<br>Im Kern geht es um die Erneuerung Ihrer Wohnimmobilie um diese schnell und zuverl\u00e4ssig f\u00fcr die Neuvermietung herzurichten.<br>Dabei entfernen wir Ihre alten B\u00f6den und erneuern diese durch hochwertiges Laminat oder Design Vinyl. <br>Wir \u00fcbernehmen Malerarbeiten, tauschen Duschtrennw\u00e4nde oder K\u00fcchen aus, wir erneuern Silikonfugen uvm. <br>Es gibt so viele Bereiche, wo mehrere Firmen beauftragt und koordiniert werden m\u00fcssen. Ein Gro\u00dfteil dieses Spektrum k\u00f6nnen wir realisieren, bei speziellen Themen arbeiten wir mit anderen Firmen zusammen.<\/p>\n\n\n\n<p>Unser Kundenstamm erstreckt sich von Privatkunden \u00fcber Hausverwaltungen.<\/p>\n\n\n\n<p>Gerade Hausverwaltungen greifen bevorzugt auf uns zur\u00fcck, getreu dem Motto &#8222;Alles aus einer Hand&#8220;. Dabei stehen wir f\u00fcr Termintreue, Zuverl\u00e4ssigkeit und Qualit\u00e4t! <\/p>\n\n\n\n<p>Ebenfalls verf\u00fcgen wir \u00fcber die Expertiese Rauchwarnmelder nach DIN14676 zu planen, zu installieren und diese auch zu warten.<\/p>\n\n\n\n<p>Auf den folgenden Seiten finden Sie einen Auszug unserer Arbeit.<\/p>\n\n\n\n<p>Ihr DET-Leipzig Team<\/p>\n","protected":false},"excerpt":{"rendered":"<p>\u00dcber uns Wir sind ein kompetenter und erfahrener Allround-Dienstleister in Leipzig. Mit \u00fcber 10 Jahren Erfahrung, blicken wir auf eine [&hellip;]<\/p>\n","protected":false},"author":1,"featured_media":0,"parent":0,"menu_order":0,"comment_status":"closed","ping_status":"closed","template":"","meta":{"footnotes":""},"class_list":["post-51","page","type-page","status-publish","hentry"],"_links":{"self":[{"href":"https:\/\/det-leipzig.de\/index.php?rest_route=\/wp\/v2\/pages\/51","targetHints":{"allow":["GET"]}}],"collection":[{"href":"https:\/\/det-leipzig.de\/index.php?rest_route=\/wp\/v2\/pages"}],"about":[{"href":"https:\/\/det-leipzig.de\/index.php?rest_route=\/wp\/v2\/types\/page"}],"author":[{"embeddable":true,"href":"https:\/\/det-leipzig.de\/index.php?rest_route=\/wp\/v2\/users\/1"}],"replies":[{"embeddable":true,"href":"https:\/\/det-leipzig.de\/index.php?rest_route=%2Fwp%2Fv2%2Fcomments&post=51"}],"version-history":[{"count":2,"href":"https:\/\/det-leipzig.de\/index.php?rest_route=\/wp\/v2\/pages\/51\/revisions"}],"predecessor-version":[{"id":108,"href":"https:\/\/det-leipzig.de\/index.php?rest_route=\/wp\/v2\/pages\/51\/revisions\/108"}],"wp:attachment":[{"href":"https:\/\/det-leipzig.de\/index.php?rest_route=%2Fwp%2Fv2%2Fmedia&parent=51"}],"curies":[{"name":"wp","href":"https:\/\/api.w.org\/{rel}","templated":true}]}}