{"id":53,"date":"2023-04-03T13:14:11","date_gmt":"2023-04-03T13:14:11","guid":{"rendered":"https:\/\/det-leipzig.de\/?page_id=53"},"modified":"2023-04-03T16:00:02","modified_gmt":"2023-04-03T15:00:02","slug":"dienstleistungen","status":"publish","type":"page","link":"https:\/\/det-leipzig.de\/?page_id=53","title":{"rendered":"Dienstleistungen"},"content":{"rendered":"\n<p style=\"font-size:31px\">\u00dcbersicht unseres Angebots<\/p>\n\n\n\n<p>Bilder auf dieser Internetseite unterliegen dem Copyright und d\u00fcrfen nicht kopiert oder verlinkt werden.<\/p>\n\n\n\n<p>Hier finden Sie einen kleinen Auszug unserer Projekte.<\/p>\n\n\n\n<p>Wir verf\u00fcgen \u00fcber die notwendige Weiterbildung &#8222;Fachkraft f\u00fcr Rauchwarnmelder nach DIN 14676&#8220;.<br>Bis 31.12.2023 m\u00fcssen alle Bestandsbautenr, in Sachsen, mit entsprechenden Rauchwarnmelder ausger\u00fcstet werden. Speziell geht es um die Planung und die Installation der Rauchwarnmelder aber auch die Wartung derer.&nbsp;<br><a rel=\"noreferrer noopener\" href=\"https:\/\/www.rauchmelder-lebensretter.de\/rauchmelderpflicht-in-sachsen-erst-2025\/\" target=\"_blank\">Link<\/a><\/p>\n","protected":false},"excerpt":{"rendered":"<p>\u00dcbersicht unseres Angebots Bilder auf dieser Internetseite unterliegen dem Copyright und d\u00fcrfen nicht kopiert oder verlinkt werden. Hier finden Sie [&hellip;]<\/p>\n","protected":false},"author":1,"featured_media":0,"parent":0,"menu_order":0,"comment_status":"closed","ping_status":"closed","template":"","meta":{"footnotes":""},"class_list":["post-53","page","type-page","status-publish","hentry"],"_links":{"self":[{"href":"https:\/\/det-leipzig.de\/index.php?rest_route=\/wp\/v2\/pages\/53","targetHints":{"allow":["GET"]}}],"collection":[{"href":"https:\/\/det-leipzig.de\/index.php?rest_route=\/wp\/v2\/pages"}],"about":[{"href":"https:\/\/det-leipzig.de\/index.php?rest_route=\/wp\/v2\/types\/page"}],"author":[{"embeddable":true,"href":"https:\/\/det-leipzig.de\/index.php?rest_route=\/wp\/v2\/users\/1"}],"replies":[{"embeddable":true,"href":"https:\/\/det-leipzig.de\/index.php?rest_route=%2Fwp%2Fv2%2Fcomments&post=53"}],"version-history":[{"count":2,"href":"https:\/\/det-leipzig.de\/index.php?rest_route=\/wp\/v2\/pages\/53\/revisions"}],"predecessor-version":[{"id":112,"href":"https:\/\/det-leipzig.de\/index.php?rest_route=\/wp\/v2\/pages\/53\/revisions\/112"}],"wp:attachment":[{"href":"https:\/\/det-leipzig.de\/index.php?rest_route=%2Fwp%2Fv2%2Fmedia&parent=53"}],"curies":[{"name":"wp","href":"https:\/\/api.w.org\/{rel}","templated":true}]}}