{"id":55,"date":"2023-04-03T13:15:01","date_gmt":"2023-04-03T13:15:01","guid":{"rendered":"https:\/\/det-leipzig.de\/?page_id=55"},"modified":"2023-04-03T15:23:01","modified_gmt":"2023-04-03T14:23:01","slug":"beraeumung","status":"publish","type":"page","link":"https:\/\/det-leipzig.de\/?page_id=55","title":{"rendered":"Ber\u00e4umung"},"content":{"rendered":"\n<p style=\"font-size:32px\">Ber\u00e4umung<\/p>\n\n\n\n<p>Wir schaffen Platz!<\/p>\n\n\n\n<p>Haushaltsaufl\u00f6sungen, Entr\u00fcmpelung oder Ber\u00e4umung. <\/p>\n\n\n\n<p>Wohnungsaufl\u00f6sungen sind meist sehr aufwendig, kosten viel Zeit und sind manchmal auch eine emotionale Achterbahn. Genau hier setzen wir an, in einem kurzen Besichtigungstermin verschaffen wir uns einen \u00dcberblick und besprechen die Details. Innerhalb weniger Tage erhalten Sie unser Angebot. Die Realisierung erfolgt schnell, sauber und diskret. Abschlie\u00dfend erhalten Sie eine besenreine Wohnung und die Schl\u00fcssel &#8211; so haben Sie Zeit f\u00fcr die wichtigen Dinge.<\/p>\n\n\n\n<div class=\"wp-block-columns is-layout-flex wp-container-core-columns-is-layout-9d6595d7 wp-block-columns-is-layout-flex\">\n<div class=\"wp-block-column is-layout-flow wp-block-column-is-layout-flow\">\n<figure class=\"wp-block-image size-full is-resized\"><img loading=\"lazy\" decoding=\"async\" src=\"https:\/\/projekt.det-leipzig.de\/wp-content\/uploads\/2023\/04\/Son_023.png\" alt=\"\" class=\"wp-image-216\" width=\"335\" height=\"258\"\/><figcaption class=\"wp-element-caption\">Wohnungsaufl\u00f6sung<\/figcaption><\/figure>\n<\/div>\n\n\n\n<div class=\"wp-block-column is-layout-flow wp-block-column-is-layout-flow\"><\/div>\n<\/div>\n\n\n\n<hr class=\"wp-block-separator has-alpha-channel-opacity\"\/>\n\n\n\n<p>Ber\u00e4umung Ihrer Wohnimmobilie, nachdem der Mieter vor die T\u00fcr gesetzt wurde bzw. er nicht mehr erreichbar ist. <br>Auch hier gilt es sensibel und schnell den Unrat zu beseitigen, Wertgegenst\u00e4nde sowie pers\u00f6nliche Dokumente zu sichern. Nach einem kurzen Besichtigungstermin erstellen wir innerhalb k\u00fcrzester Zeit ein Angebot. Die Arbeiten werden zeitnah umgesetzt. Die Wohnung wird besenrein \u00fcbergeben, sodass diese wieder vermietet werden kann.<\/p>\n\n\n\n<div class=\"wp-block-columns is-layout-flex wp-container-core-columns-is-layout-9d6595d7 wp-block-columns-is-layout-flex\">\n<div class=\"wp-block-column is-layout-flow wp-block-column-is-layout-flow\">\n<figure class=\"wp-block-image size-large is-resized\"><img loading=\"lazy\" decoding=\"async\" src=\"https:\/\/projekt.det-leipzig.de\/wp-content\/uploads\/2023\/04\/Son_022-1024x764.png\" alt=\"\" class=\"wp-image-215\" width=\"342\" height=\"254\"\/><figcaption class=\"wp-element-caption\">Ber\u00e4umung<\/figcaption><\/figure>\n<\/div>\n\n\n\n<div class=\"wp-block-column is-layout-flow wp-block-column-is-layout-flow\"><\/div>\n<\/div>\n\n\n\n<hr class=\"wp-block-separator has-alpha-channel-opacity\"\/>\n\n\n\n<p>Wir k\u00fcmmern uns um Alles, was beim Umzug im neuen Zuhause keinen Platz mehr findet, befreien Sie von den Altlasten, die der Partner nach Trennung zur\u00fcckgelassen hat, oder l\u00f6sen ganze Haushalte auf.<br>Entr\u00fcmpelung von Dachb\u00f6den, Kellern oder Garagen sind f\u00fcr jeden ein Dorn im Auge und berauben Sie um kostbaren Platz. Durch einen Besichtigungstermin erfassen wir die Menge, zeigen Ihnen verwertbare Sachen auf und erstellen danach ein Angebot. Nachdem die Best\u00e4tigung vorliegt, wird die Entr\u00fcmpelung zeitnah umgesetzt bis zur besenreinen \u00dcbergabe.  <\/p>\n\n\n\n<div class=\"wp-block-columns is-layout-flex wp-container-core-columns-is-layout-9d6595d7 wp-block-columns-is-layout-flex\">\n<div class=\"wp-block-column is-layout-flow wp-block-column-is-layout-flow\">\n<figure class=\"wp-block-image size-large is-resized\"><img loading=\"lazy\" decoding=\"async\" src=\"https:\/\/projekt.det-leipzig.de\/wp-content\/uploads\/2023\/04\/Son_020-1024x599.png\" alt=\"\" class=\"wp-image-213\" width=\"348\" height=\"203\"\/><figcaption class=\"wp-element-caption\">Entr\u00fcmpelung<\/figcaption><\/figure>\n<\/div>\n\n\n\n<div class=\"wp-block-column is-layout-flow wp-block-column-is-layout-flow\"><\/div>\n<\/div>\n\n\n\n<p>Bei allen genannten Punkten achten wir auf eine saubere Trennung des M\u00fclls. Das Resultat &#8211; wir tun was Gutes f\u00fcr die Umwelt und Sie sparen Geld.<\/p>\n\n\n\n<p>Ihr DET-Leipzig Team<\/p>\n","protected":false},"excerpt":{"rendered":"<p>Ber\u00e4umung Wir schaffen Platz! Haushaltsaufl\u00f6sungen, Entr\u00fcmpelung oder Ber\u00e4umung. Wohnungsaufl\u00f6sungen sind meist sehr aufwendig, kosten viel Zeit und sind manchmal auch [&hellip;]<\/p>\n","protected":false},"author":1,"featured_media":0,"parent":53,"menu_order":0,"comment_status":"closed","ping_status":"closed","template":"","meta":{"footnotes":""},"class_list":["post-55","page","type-page","status-publish","hentry"],"_links":{"self":[{"href":"https:\/\/det-leipzig.de\/index.php?rest_route=\/wp\/v2\/pages\/55","targetHints":{"allow":["GET"]}}],"collection":[{"href":"https:\/\/det-leipzig.de\/index.php?rest_route=\/wp\/v2\/pages"}],"about":[{"href":"https:\/\/det-leipzig.de\/index.php?rest_route=\/wp\/v2\/types\/page"}],"author":[{"embeddable":true,"href":"https:\/\/det-leipzig.de\/index.php?rest_route=\/wp\/v2\/users\/1"}],"replies":[{"embeddable":true,"href":"https:\/\/det-leipzig.de\/index.php?rest_route=%2Fwp%2Fv2%2Fcomments&post=55"}],"version-history":[{"count":2,"href":"https:\/\/det-leipzig.de\/index.php?rest_route=\/wp\/v2\/pages\/55\/revisions"}],"predecessor-version":[{"id":57,"href":"https:\/\/det-leipzig.de\/index.php?rest_route=\/wp\/v2\/pages\/55\/revisions\/57"}],"up":[{"embeddable":true,"href":"https:\/\/det-leipzig.de\/index.php?rest_route=\/wp\/v2\/pages\/53"}],"wp:attachment":[{"href":"https:\/\/det-leipzig.de\/index.php?rest_route=%2Fwp%2Fv2%2Fmedia&parent=55"}],"curies":[{"name":"wp","href":"https:\/\/api.w.org\/{rel}","templated":true}]}}