{"id":58,"date":"2023-04-03T13:18:00","date_gmt":"2023-04-03T13:18:00","guid":{"rendered":"https:\/\/det-leipzig.de\/?page_id=58"},"modified":"2023-04-03T16:00:40","modified_gmt":"2023-04-03T15:00:40","slug":"fussboden","status":"publish","type":"page","link":"https:\/\/det-leipzig.de\/?page_id=58","title":{"rendered":"Fussboden"},"content":{"rendered":"\n<p style=\"font-size:32px\">Fussboden<\/p>\n\n\n\n<p>Bodenleger in Leipzig \/ Leipziger Umland &#8211; Laminat, Vinyl (Design) und Teppich <\/p>\n\n\n\n<p>Wir haben uns \u00fcber die Jahre ein gro\u00dfes Know-How in Sachen Fussboden angeeignet und kennen uns mit dem Verlegen von Laminat, Vinyl und Teppich aus. Ebenfalls haben wir Erfahrungen mit dem Sanieren von alten Parkettb\u00f6den.<br>Da wir auf hohe Qualit\u00e4t achten und Sie als Kunde nur das Beste verdienen, arbeiten wir seit vielen Jahren mit einem Gro\u00dfh\u00e4ndler aus der Region zusammen. <br>Wir \u00fcbernehmen Fu\u00dfbodenverlegearbeiten von kleinen R\u00e4umen, aber auch gr\u00f6\u00dfere Wohnungen bis 150 m\u00b2. <\/p>\n\n\n\n<p>Wir begleiten Sie kompetent und zuverl\u00e4ssig von der Auswahl des geeigneten Materials bis zur Verlegung  Ihres Bodens. <br>Beispielsweise ist es wichtig zu kl\u00e4ren, ob der Boden f\u00fcr private oder gewerbliche Zwecke genutzt wird, wie h\u00e4ufig dieser frequentiert wird und ob es bestimmte Brandschutzauflagen gibt.<\/p>\n\n\n\n<hr class=\"wp-block-separator has-alpha-channel-opacity\"\/>\n\n\n\n<p>Unser Motto Beratung &#8211; Planung &#8211; Verlegung <\/p>\n\n\n\n<hr class=\"wp-block-separator has-alpha-channel-opacity\"\/>\n\n\n\n<p>Die folgenden Bilder sollen Ihnen einen kleinen Einblick von unserer Arbeit geben:<\/p>\n\n\n\n<div class=\"wp-block-columns is-layout-flex wp-container-core-columns-is-layout-9d6595d7 wp-block-columns-is-layout-flex\">\n<div class=\"wp-block-column is-layout-flow wp-block-column-is-layout-flow\">\n<figure class=\"wp-block-image size-large is-resized\"><img loading=\"lazy\" decoding=\"async\" src=\"https:\/\/projekt.det-leipzig.de\/wp-content\/uploads\/2023\/02\/FB_008-768x1024.png\" alt=\"\" class=\"wp-image-160\" width=\"192\" height=\"256\"\/><figcaption class=\"wp-element-caption\">Flurbereich neuer Fussboden mit Sockelleisten und Malerarbeiten<\/figcaption><\/figure>\n<\/div>\n\n\n\n<div class=\"wp-block-column is-layout-flow wp-block-column-is-layout-flow\">\n<figure class=\"wp-block-image size-large is-resized\"><img loading=\"lazy\" decoding=\"async\" src=\"https:\/\/projekt.det-leipzig.de\/wp-content\/uploads\/2023\/02\/FB_006-768x1024.png\" alt=\"\" class=\"wp-image-158\" width=\"192\" height=\"256\"\/><figcaption class=\"wp-element-caption\">Wohnbereich Laminatfussboden mit Sockelleisten und Malerarbeiten<\/figcaption><\/figure>\n<\/div>\n\n\n\n<div class=\"wp-block-column is-layout-flow wp-block-column-is-layout-flow\">\n<figure class=\"wp-block-image size-large is-resized\"><img loading=\"lazy\" decoding=\"async\" src=\"https:\/\/projekt.det-leipzig.de\/wp-content\/uploads\/2023\/02\/FB_002-692x1024.png\" alt=\"\" class=\"wp-image-154\" width=\"173\" height=\"256\"\/><figcaption class=\"wp-element-caption\">Wohnbereich Vinylfussboden, Farbe auf M\u00f6bel abgestimmt<\/figcaption><\/figure>\n<\/div>\n<\/div>\n\n\n\n<div class=\"wp-block-columns is-layout-flex wp-container-core-columns-is-layout-9d6595d7 wp-block-columns-is-layout-flex\">\n<div class=\"wp-block-column is-layout-flow wp-block-column-is-layout-flow\">\n<figure class=\"wp-block-image size-full is-resized\"><img loading=\"lazy\" decoding=\"async\" src=\"https:\/\/projekt.det-leipzig.de\/wp-content\/uploads\/2023\/02\/Son_005.png\" alt=\"\" class=\"wp-image-165\" width=\"204\" height=\"250\"\/><figcaption class=\"wp-element-caption\">K\u00fcche neuer Vinylfussboden, Malerarbeiten und Umbau Rollladen<\/figcaption><\/figure>\n<\/div>\n\n\n\n<div class=\"wp-block-column is-layout-flow wp-block-column-is-layout-flow\">\n<figure class=\"wp-block-image size-large is-resized\"><img loading=\"lazy\" decoding=\"async\" src=\"https:\/\/projekt.det-leipzig.de\/wp-content\/uploads\/2023\/02\/FB_007-1024x768.png\" alt=\"\" class=\"wp-image-159\" width=\"256\" height=\"192\"\/><figcaption class=\"wp-element-caption\">Wohnbereich &#8211; Teppich entfernt, neuer Laminatfussboden, Malerarbeiten<\/figcaption><\/figure>\n<\/div>\n\n\n\n<div class=\"wp-block-column is-layout-flow wp-block-column-is-layout-flow\">\n<figure class=\"wp-block-image size-full is-resized\"><img loading=\"lazy\" decoding=\"async\" src=\"https:\/\/projekt.det-leipzig.de\/wp-content\/uploads\/2023\/02\/FB_003.png\" alt=\"\" class=\"wp-image-155\" width=\"250\" height=\"188\"\/><figcaption class=\"wp-element-caption\">G\u00e4stezimmer &#8211; Teppich entfernt, neuer Vinylfussboden, Decke nach Wunsch verkleidet, Umbau Rolladen auf elektrisch, Malerarbeiten<\/figcaption><\/figure>\n<\/div>\n<\/div>\n","protected":false},"excerpt":{"rendered":"<p>Fussboden Bodenleger in Leipzig \/ Leipziger Umland &#8211; Laminat, Vinyl (Design) und Teppich Wir haben uns \u00fcber die Jahre ein [&hellip;]<\/p>\n","protected":false},"author":1,"featured_media":0,"parent":53,"menu_order":0,"comment_status":"closed","ping_status":"closed","template":"","meta":{"footnotes":""},"class_list":["post-58","page","type-page","status-publish","hentry"],"_links":{"self":[{"href":"https:\/\/det-leipzig.de\/index.php?rest_route=\/wp\/v2\/pages\/58","targetHints":{"allow":["GET"]}}],"collection":[{"href":"https:\/\/det-leipzig.de\/index.php?rest_route=\/wp\/v2\/pages"}],"about":[{"href":"https:\/\/det-leipzig.de\/index.php?rest_route=\/wp\/v2\/types\/page"}],"author":[{"embeddable":true,"href":"https:\/\/det-leipzig.de\/index.php?rest_route=\/wp\/v2\/users\/1"}],"replies":[{"embeddable":true,"href":"https:\/\/det-leipzig.de\/index.php?rest_route=%2Fwp%2Fv2%2Fcomments&post=58"}],"version-history":[{"count":4,"href":"https:\/\/det-leipzig.de\/index.php?rest_route=\/wp\/v2\/pages\/58\/revisions"}],"predecessor-version":[{"id":114,"href":"https:\/\/det-leipzig.de\/index.php?rest_route=\/wp\/v2\/pages\/58\/revisions\/114"}],"up":[{"embeddable":true,"href":"https:\/\/det-leipzig.de\/index.php?rest_route=\/wp\/v2\/pages\/53"}],"wp:attachment":[{"href":"https:\/\/det-leipzig.de\/index.php?rest_route=%2Fwp%2Fv2%2Fmedia&parent=58"}],"curies":[{"name":"wp","href":"https:\/\/api.w.org\/{rel}","templated":true}]}}