{"id":61,"date":"2023-04-03T13:20:18","date_gmt":"2023-04-03T13:20:18","guid":{"rendered":"https:\/\/det-leipzig.de\/?page_id=61"},"modified":"2023-04-03T16:00:48","modified_gmt":"2023-04-03T15:00:48","slug":"sonstiges","status":"publish","type":"page","link":"https:\/\/det-leipzig.de\/?page_id=61","title":{"rendered":"Sonstiges"},"content":{"rendered":"\n<p style=\"font-size:32px\">Sonstiges<\/p>\n\n\n\n<p>Wir verstehen uns als Allround Handwerker und erledigen auch kleinere Aufgaben die nicht zu unserem Kerngesch\u00e4ft geh\u00f6ren. Getreu dem Motto alles aus einer Hand haben wir \u00fcber die Jahre entsprechendes Know-How in vielen Dingen aufgebaut. Genau das sch\u00e4tzen unsere Kunden an uns!<\/p>\n\n\n\n<p>Ein kleiner Auszug von unseren Sonstigen Leistungen:<br>&#8211; Fliesenverlegearbeiten (Wand und Bodenfliesen)<br>&#8211; Trockenbauarbeiten<br>&#8211; K\u00fcchenaufbau<br>&#8211; Malerarbeiten im Innenbereich<br>&#8211; Malerarbeiten Au\u00dfenfassade<br>&#8211; Pflasterarbeiten Gehweg, Terasse<br>&#8211; Fensterrolladen Reparatur oder Umbau auf elektrisch<br>&#8211; Verlegung und Anschluss LAN Kabel in der Wohnung oder Haus<br>&#8211; kleinere Reparaturarbeiten (z.Bsp. Silikonfugen erneuern, Duschtrennwand etc.)<\/p>\n\n\n\n<p>Sprechen Sie uns an, wir haben die L\u00f6sung.<\/p>\n\n\n\n<hr class=\"wp-block-separator has-alpha-channel-opacity\"\/>\n\n\n\n<p>Warum sollten Sie uns auf uns zur\u00fcck greifen:<\/p>\n\n\n\n<div class=\"wp-block-columns is-layout-flex wp-container-core-columns-is-layout-9d6595d7 wp-block-columns-is-layout-flex\">\n<div class=\"wp-block-column is-layout-flow wp-block-column-is-layout-flow\">\n<figure class=\"wp-block-image size-large is-resized\"><img loading=\"lazy\" decoding=\"async\" src=\"https:\/\/projekt.det-leipzig.de\/wp-content\/uploads\/2023\/03\/Son_016-687x1024.png\" alt=\"\" class=\"wp-image-177\" width=\"344\" height=\"512\"\/><figcaption class=\"wp-element-caption\">Gerade bei Malerarbeiten sollte man meinen &#8222;das kann doch jeder&#8220; weit gefehlt hier ein Beispiel was uns t\u00e4glich begegnet.<\/figcaption><\/figure>\n<\/div>\n\n\n\n<div class=\"wp-block-column is-layout-flow wp-block-column-is-layout-flow\">\n<figure class=\"wp-block-image size-large is-resized\"><img loading=\"lazy\" decoding=\"async\" src=\"https:\/\/projekt.det-leipzig.de\/wp-content\/uploads\/2023\/03\/Son_018-819x1024.png\" alt=\"\" class=\"wp-image-201\" width=\"410\" height=\"512\"\/><figcaption class=\"wp-element-caption\">Ein guter Handwerker macht halt DOCH den Unterschied. Am Ende spart es Zeit und Geld. <\/figcaption><\/figure>\n<\/div>\n<\/div>\n\n\n\n<div class=\"wp-block-columns is-layout-flex wp-container-core-columns-is-layout-9d6595d7 wp-block-columns-is-layout-flex\">\n<div class=\"wp-block-column is-layout-flow wp-block-column-is-layout-flow\">\n<figure class=\"wp-block-image size-large is-resized\"><img loading=\"lazy\" decoding=\"async\" src=\"https:\/\/projekt.det-leipzig.de\/wp-content\/uploads\/2023\/02\/Son_001-957x1024.png\" alt=\"\" class=\"wp-image-161\" width=\"239\" height=\"256\"\/><figcaption class=\"wp-element-caption\">Fliesenarbeiten Bad Teil 1<\/figcaption><\/figure>\n<\/div>\n\n\n\n<div class=\"wp-block-column is-layout-flow wp-block-column-is-layout-flow\">\n<figure class=\"wp-block-image size-full is-resized\"><img loading=\"lazy\" decoding=\"async\" src=\"https:\/\/projekt.det-leipzig.de\/wp-content\/uploads\/2023\/02\/Son_003.png\" alt=\"\" class=\"wp-image-163\" width=\"165\" height=\"250\"\/><figcaption class=\"wp-element-caption\">Bad Teil 2 Wand- und Bodenfliesen wurden verlegt, Acrylwand angepasst und LED Schienen inkl. Beleuchtung angebracht<\/figcaption><\/figure>\n<\/div>\n\n\n\n<div class=\"wp-block-column is-layout-flow wp-block-column-is-layout-flow\">\n<figure class=\"wp-block-image size-large is-resized\"><img loading=\"lazy\" decoding=\"async\" src=\"https:\/\/projekt.det-leipzig.de\/wp-content\/uploads\/2023\/02\/Son_008-768x1024.png\" alt=\"\" class=\"wp-image-168\" width=\"192\" height=\"256\"\/><figcaption class=\"wp-element-caption\">Bad Wandfliesen angebracht und verfugt. Vorbereitung f\u00fcr Badewanne<\/figcaption><\/figure>\n<\/div>\n<\/div>\n\n\n\n<div class=\"wp-block-columns is-layout-flex wp-container-core-columns-is-layout-9d6595d7 wp-block-columns-is-layout-flex\">\n<div class=\"wp-block-column is-layout-flow wp-block-column-is-layout-flow\">\n<figure class=\"wp-block-image size-large is-resized\"><img loading=\"lazy\" decoding=\"async\" src=\"https:\/\/projekt.det-leipzig.de\/wp-content\/uploads\/2023\/02\/Son_010-1024x921.png\" alt=\"\" class=\"wp-image-170\" width=\"256\" height=\"230\"\/><figcaption class=\"wp-element-caption\">Pflasterarbeiten <\/figcaption><\/figure>\n<\/div>\n\n\n\n<div class=\"wp-block-column is-layout-flow wp-block-column-is-layout-flow\">\n<figure class=\"wp-block-image size-large is-resized\"><img loading=\"lazy\" decoding=\"async\" src=\"https:\/\/projekt.det-leipzig.de\/wp-content\/uploads\/2023\/02\/Son_011-1024x455.png\" alt=\"\" class=\"wp-image-171\" width=\"256\" height=\"114\"\/><figcaption class=\"wp-element-caption\">Vordach \u00fcber Hauseingang angebracht<\/figcaption><\/figure>\n<\/div>\n\n\n\n<div class=\"wp-block-column is-layout-flow wp-block-column-is-layout-flow\">\n<figure class=\"wp-block-image size-large is-resized\"><img loading=\"lazy\" decoding=\"async\" src=\"https:\/\/projekt.det-leipzig.de\/wp-content\/uploads\/2023\/02\/Son_012-1024x697.png\" alt=\"\" class=\"wp-image-172\" width=\"256\" height=\"174\"\/><figcaption class=\"wp-element-caption\">Schleifarbeiten Parkett abschlie\u00dfend Grundierung und Versiegelung<\/figcaption><\/figure>\n<\/div>\n<\/div>\n","protected":false},"excerpt":{"rendered":"<p>Sonstiges Wir verstehen uns als Allround Handwerker und erledigen auch kleinere Aufgaben die nicht zu unserem Kerngesch\u00e4ft geh\u00f6ren. Getreu dem [&hellip;]<\/p>\n","protected":false},"author":1,"featured_media":0,"parent":53,"menu_order":0,"comment_status":"closed","ping_status":"closed","template":"","meta":{"footnotes":""},"class_list":["post-61","page","type-page","status-publish","hentry"],"_links":{"self":[{"href":"https:\/\/det-leipzig.de\/index.php?rest_route=\/wp\/v2\/pages\/61","targetHints":{"allow":["GET"]}}],"collection":[{"href":"https:\/\/det-leipzig.de\/index.php?rest_route=\/wp\/v2\/pages"}],"about":[{"href":"https:\/\/det-leipzig.de\/index.php?rest_route=\/wp\/v2\/types\/page"}],"author":[{"embeddable":true,"href":"https:\/\/det-leipzig.de\/index.php?rest_route=\/wp\/v2\/users\/1"}],"replies":[{"embeddable":true,"href":"https:\/\/det-leipzig.de\/index.php?rest_route=%2Fwp%2Fv2%2Fcomments&post=61"}],"version-history":[{"count":2,"href":"https:\/\/det-leipzig.de\/index.php?rest_route=\/wp\/v2\/pages\/61\/revisions"}],"predecessor-version":[{"id":115,"href":"https:\/\/det-leipzig.de\/index.php?rest_route=\/wp\/v2\/pages\/61\/revisions\/115"}],"up":[{"embeddable":true,"href":"https:\/\/det-leipzig.de\/index.php?rest_route=\/wp\/v2\/pages\/53"}],"wp:attachment":[{"href":"https:\/\/det-leipzig.de\/index.php?rest_route=%2Fwp%2Fv2%2Fmedia&parent=61"}],"curies":[{"name":"wp","href":"https:\/\/api.w.org\/{rel}","templated":true}]}}